{"id":27,"date":"2019-06-30T17:57:02","date_gmt":"2019-06-30T15:57:02","guid":{"rendered":"http:\/\/prokes.devcraft.cz\/?page_id=27"},"modified":"2022-05-24T13:06:48","modified_gmt":"2022-05-24T11:06:48","slug":"vizia","status":"publish","type":"page","link":"https:\/\/www.prokes-rubber.cz\/sk\/vizia\/","title":{"rendered":"V\u00edzia"},"content":{"rendered":"\n<p> Spolo\u010dnos\u0165 Proke\u0161 &nbsp;zameriava svoje \u00fasilie by\u0165 aj na\u010falej v\u00fdznamn\u00fdm dod\u00e1vate\u013eom \u0161pi\u010dkov\u00fdch gum\u00e1rensk\u00fdch v\u00fdrobkov s&nbsp;kter\u00fdmi chc\u00fa v\u0161etci z\u00e1kazn\u00edci a zamestnanci spolupracova\u0165. Spolo\u010dnos\u0165 &nbsp;chce&nbsp;&nbsp;v duchu plnej v\u00fdrobnej automatiz\u00e1cie plni\u0165 najn\u00e1ro\u010dnej\u0161ie v\u00fdrobn\u00e9 krit\u00e9ria svojich z\u00e1kazn\u00edkov. V z\u00e1vislosti na po\u017eiadavk\u00e1ch chceme by\u0165 na\u010falej v\u00fdvojov\u00fdm a strategick\u00fdm partnerom.<\/p>\n","protected":false},"excerpt":{"rendered":"<p>Spolo\u010dnos\u0165 Proke\u0161 &nbsp;zameriava svoje \u00fasilie by\u0165 aj na\u010falej v\u00fdznamn\u00fdm dod\u00e1vate\u013eom \u0161pi\u010dkov\u00fdch gum\u00e1rensk\u00fdch v\u00fdrobkov s&nbsp;kter\u00fdmi chc\u00fa v\u0161etci z\u00e1kazn\u00edci a zamestnanci spolupracova\u0165. Spolo\u010dnos\u0165 &nbsp;chce&nbsp;&nbsp;v duchu plnej v\u00fdrobnej automatiz\u00e1cie plni\u0165 najn\u00e1ro\u010dnej\u0161ie v\u00fdrobn\u00e9 krit\u00e9ria svojich z\u00e1kazn\u00edkov. V z\u00e1vislosti na po\u017eiadavk\u00e1ch chceme by\u0165 na\u010falej v\u00fdvojov\u00fdm a strategick\u00fdm partnerom.<\/p>\n","protected":false},"author":1,"featured_media":53,"parent":0,"menu_order":0,"comment_status":"closed","ping_status":"closed","template":"","meta":[],"acf":[],"_links":{"self":[{"href":"https:\/\/www.prokes-rubber.cz\/sk\/wp-json\/wp\/v2\/pages\/27"}],"collection":[{"href":"https:\/\/www.prokes-rubber.cz\/sk\/wp-json\/wp\/v2\/pages"}],"about":[{"href":"https:\/\/www.prokes-rubber.cz\/sk\/wp-json\/wp\/v2\/types\/page"}],"author":[{"embeddable":true,"href":"https:\/\/www.prokes-rubber.cz\/sk\/wp-json\/wp\/v2\/users\/1"}],"replies":[{"embeddable":true,"href":"https:\/\/www.prokes-rubber.cz\/sk\/wp-json\/wp\/v2\/comments?post=27"}],"version-history":[{"count":5,"href":"https:\/\/www.prokes-rubber.cz\/sk\/wp-json\/wp\/v2\/pages\/27\/revisions"}],"predecessor-version":[{"id":106,"href":"https:\/\/www.prokes-rubber.cz\/sk\/wp-json\/wp\/v2\/pages\/27\/revisions\/106"}],"wp:featuredmedia":[{"embeddable":true,"href":"https:\/\/www.prokes-rubber.cz\/sk\/wp-json\/wp\/v2\/media\/53"}],"wp:attachment":[{"href":"https:\/\/www.prokes-rubber.cz\/sk\/wp-json\/wp\/v2\/media?parent=27"}],"curies":[{"name":"wp","href":"https:\/\/api.w.org\/{rel}","templated":true}]}}