{"id":22,"date":"2019-06-30T17:57:02","date_gmt":"2019-06-30T15:57:02","guid":{"rendered":"http:\/\/prokes.devcraft.cz\/?page_id=22"},"modified":"2024-08-19T12:41:56","modified_gmt":"2024-08-19T10:41:56","slug":"kvalita","status":"publish","type":"page","link":"https:\/\/www.prokes-rubber.cz\/sk\/kvalita\/","title":{"rendered":"Kvalita"},"content":{"rendered":"\n<p> Na\u0161a spolo\u010dnos\u0165 m\u00e1 v s\u00fa\u010dasnosti certifikovan\u00fd svoj syst\u00e9m riadenia pod\u013ea medzin\u00e1rodn\u00e9ho \u0161tandardu IATF 16 949:2016. Od roku 2017 m\u00e1me  certifik\u00e1t pre syst\u00e9m riadenia enviromentu pod\u013ea \u0161tandardu EN ISO 14 001:2015.<\/p>\n\n\n\n<p>Na\u0161im certifika\u010dn\u00fdm org\u00e1nom s akredit\u00e1ciou IATF je medzin\u00e1rodn\u00e1 spolo\u010dnos\u0165 DEKRA Certification.<\/p>\n\n\n\n<figure class=\"wp-container-2 wp-block-gallery-1 wp-block-gallery has-nested-images columns-default is-cropped open-image\">\n<figure class=\"wp-block-image size-large\"><a href=\"https:\/\/www.prokes-rubber.cz\/wp-content\/uploads\/2024\/08\/2024IATFEN.jpg\"><img loading=\"lazy\" width=\"722\" height=\"1024\" data-id=\"226\"  src=\"https:\/\/www.prokes-rubber.cz\/wp-content\/uploads\/2024\/08\/2024IATFEN-722x1024.jpg\" alt=\"\" class=\"wp-image-226\" srcset=\"https:\/\/www.prokes-rubber.cz\/wp-content\/uploads\/2024\/08\/2024IATFEN-722x1024.jpg 722w, https:\/\/www.prokes-rubber.cz\/wp-content\/uploads\/2024\/08\/2024IATFEN-423x600.jpg 423w, https:\/\/www.prokes-rubber.cz\/wp-content\/uploads\/2024\/08\/2024IATFEN-768x1089.jpg 768w, https:\/\/www.prokes-rubber.cz\/wp-content\/uploads\/2024\/08\/2024IATFEN-8x12.jpg 8w, https:\/\/www.prokes-rubber.cz\/wp-content\/uploads\/2024\/08\/2024IATFEN.jpg 904w\" sizes=\"(max-width: 722px) 100vw, 722px\" \/><\/a><\/figure>\n\n\n\n<figure class=\"wp-block-image size-large\"><a href=\"https:\/\/www.prokes-rubber.cz\/wp-content\/uploads\/2024\/08\/2024IATFEN2.jpg\"><img loading=\"lazy\" width=\"807\" height=\"1024\" data-id=\"227\"  src=\"https:\/\/www.prokes-rubber.cz\/wp-content\/uploads\/2024\/08\/2024IATFEN2-807x1024.jpg\" alt=\"\" class=\"wp-image-227\" srcset=\"https:\/\/www.prokes-rubber.cz\/wp-content\/uploads\/2024\/08\/2024IATFEN2-807x1024.jpg 807w, https:\/\/www.prokes-rubber.cz\/wp-content\/uploads\/2024\/08\/2024IATFEN2-473x600.jpg 473w, https:\/\/www.prokes-rubber.cz\/wp-content\/uploads\/2024\/08\/2024IATFEN2-768x974.jpg 768w, https:\/\/www.prokes-rubber.cz\/wp-content\/uploads\/2024\/08\/2024IATFEN2-9x12.jpg 9w, https:\/\/www.prokes-rubber.cz\/wp-content\/uploads\/2024\/08\/2024IATFEN2.jpg 906w\" sizes=\"(max-width: 807px) 100vw, 807px\" \/><\/a><\/figure>\n\n\n\n<figure class=\"wp-block-image size-large\"><a href=\"https:\/\/www.prokes-rubber.cz\/wp-content\/uploads\/2024\/08\/2024IATFSK-1.jpg\"><img loading=\"lazy\" width=\"725\" height=\"1024\" data-id=\"230\"  src=\"https:\/\/www.prokes-rubber.cz\/wp-content\/uploads\/2024\/08\/2024IATFSK-1-725x1024.jpg\" alt=\"\" class=\"wp-image-230\" srcset=\"https:\/\/www.prokes-rubber.cz\/wp-content\/uploads\/2024\/08\/2024IATFSK-1-725x1024.jpg 725w, https:\/\/www.prokes-rubber.cz\/wp-content\/uploads\/2024\/08\/2024IATFSK-1-425x600.jpg 425w, https:\/\/www.prokes-rubber.cz\/wp-content\/uploads\/2024\/08\/2024IATFSK-1-768x1084.jpg 768w, https:\/\/www.prokes-rubber.cz\/wp-content\/uploads\/2024\/08\/2024IATFSK-1-9x12.jpg 9w, https:\/\/www.prokes-rubber.cz\/wp-content\/uploads\/2024\/08\/2024IATFSK-1.jpg 909w\" sizes=\"(max-width: 725px) 100vw, 725px\" \/><\/a><\/figure>\n\n\n\n<figure class=\"wp-block-image size-large\"><a href=\"https:\/\/www.prokes-rubber.cz\/wp-content\/uploads\/2024\/08\/2024IATFSK2.jpg\"><img loading=\"lazy\" width=\"807\" height=\"1024\" data-id=\"231\"  src=\"https:\/\/www.prokes-rubber.cz\/wp-content\/uploads\/2024\/08\/2024IATFSK2-807x1024.jpg\" alt=\"\" class=\"wp-image-231\" srcset=\"https:\/\/www.prokes-rubber.cz\/wp-content\/uploads\/2024\/08\/2024IATFSK2-807x1024.jpg 807w, https:\/\/www.prokes-rubber.cz\/wp-content\/uploads\/2024\/08\/2024IATFSK2-473x600.jpg 473w, https:\/\/www.prokes-rubber.cz\/wp-content\/uploads\/2024\/08\/2024IATFSK2-768x974.jpg 768w, https:\/\/www.prokes-rubber.cz\/wp-content\/uploads\/2024\/08\/2024IATFSK2-9x12.jpg 9w, https:\/\/www.prokes-rubber.cz\/wp-content\/uploads\/2024\/08\/2024IATFSK2.jpg 906w\" sizes=\"(max-width: 807px) 100vw, 807px\" \/><\/a><\/figure>\n\n\n\n<figure class=\"wp-block-image size-large\"><a href=\"https:\/\/www.prokes-rubber.cz\/wp-content\/uploads\/2023\/12\/14001EN.jpg\"><img loading=\"lazy\" width=\"727\" height=\"1024\" data-id=\"221\"  src=\"https:\/\/www.prokes-rubber.cz\/wp-content\/uploads\/2023\/12\/14001EN-727x1024.jpg\" alt=\"\" class=\"wp-image-221\" srcset=\"https:\/\/www.prokes-rubber.cz\/wp-content\/uploads\/2023\/12\/14001EN-727x1024.jpg 727w, https:\/\/www.prokes-rubber.cz\/wp-content\/uploads\/2023\/12\/14001EN-426x600.jpg 426w, https:\/\/www.prokes-rubber.cz\/wp-content\/uploads\/2023\/12\/14001EN-768x1082.jpg 768w, https:\/\/www.prokes-rubber.cz\/wp-content\/uploads\/2023\/12\/14001EN-9x12.jpg 9w, https:\/\/www.prokes-rubber.cz\/wp-content\/uploads\/2023\/12\/14001EN.jpg 913w\" sizes=\"(max-width: 727px) 100vw, 727px\" \/><\/a><\/figure>\n\n\n\n<figure class=\"wp-block-image size-large\"><a href=\"https:\/\/www.prokes-rubber.cz\/wp-content\/uploads\/2023\/12\/14001SK.jpg\"><img loading=\"lazy\" width=\"726\" height=\"1024\" data-id=\"222\"  src=\"https:\/\/www.prokes-rubber.cz\/wp-content\/uploads\/2023\/12\/14001SK-726x1024.jpg\" alt=\"\" class=\"wp-image-222\" srcset=\"https:\/\/www.prokes-rubber.cz\/wp-content\/uploads\/2023\/12\/14001SK-726x1024.jpg 726w, https:\/\/www.prokes-rubber.cz\/wp-content\/uploads\/2023\/12\/14001SK-426x600.jpg 426w, https:\/\/www.prokes-rubber.cz\/wp-content\/uploads\/2023\/12\/14001SK-768x1083.jpg 768w, https:\/\/www.prokes-rubber.cz\/wp-content\/uploads\/2023\/12\/14001SK-9x12.jpg 9w, https:\/\/www.prokes-rubber.cz\/wp-content\/uploads\/2023\/12\/14001SK.jpg 912w\" sizes=\"(max-width: 726px) 100vw, 726px\" \/><\/a><\/figure>\n<\/figure>\n","protected":false},"excerpt":{"rendered":"<p>Na\u0161a spolo\u010dnos\u0165 m\u00e1 v s\u00fa\u010dasnosti certifikovan\u00fd svoj syst\u00e9m riadenia pod\u013ea medzin\u00e1rodn\u00e9ho \u0161tandardu IATF 16 949:2016. Od roku 2017 m\u00e1me certifik\u00e1t pre syst\u00e9m riadenia enviromentu pod\u013ea \u0161tandardu EN ISO 14 001:2015. Na\u0161im certifika\u010dn\u00fdm org\u00e1nom s akredit\u00e1ciou IATF je medzin\u00e1rodn\u00e1 spolo\u010dnos\u0165 DEKRA Certification.<\/p>\n","protected":false},"author":2,"featured_media":51,"parent":0,"menu_order":0,"comment_status":"closed","ping_status":"closed","template":"page-certificates.php","meta":[],"acf":[],"_links":{"self":[{"href":"https:\/\/www.prokes-rubber.cz\/sk\/wp-json\/wp\/v2\/pages\/22"}],"collection":[{"href":"https:\/\/www.prokes-rubber.cz\/sk\/wp-json\/wp\/v2\/pages"}],"about":[{"href":"https:\/\/www.prokes-rubber.cz\/sk\/wp-json\/wp\/v2\/types\/page"}],"author":[{"embeddable":true,"href":"https:\/\/www.prokes-rubber.cz\/sk\/wp-json\/wp\/v2\/users\/2"}],"replies":[{"embeddable":true,"href":"https:\/\/www.prokes-rubber.cz\/sk\/wp-json\/wp\/v2\/comments?post=22"}],"version-history":[{"count":8,"href":"https:\/\/www.prokes-rubber.cz\/sk\/wp-json\/wp\/v2\/pages\/22\/revisions"}],"predecessor-version":[{"id":232,"href":"https:\/\/www.prokes-rubber.cz\/sk\/wp-json\/wp\/v2\/pages\/22\/revisions\/232"}],"wp:featuredmedia":[{"embeddable":true,"href":"https:\/\/www.prokes-rubber.cz\/sk\/wp-json\/wp\/v2\/media\/51"}],"wp:attachment":[{"href":"https:\/\/www.prokes-rubber.cz\/sk\/wp-json\/wp\/v2\/media?parent=22"}],"curies":[{"name":"wp","href":"https:\/\/api.w.org\/{rel}","templated":true}]}}