{"id":185,"date":"2022-06-03T21:00:21","date_gmt":"2022-06-03T19:00:21","guid":{"rendered":"https:\/\/www.prokes-rubber.cz\/?page_id=185"},"modified":"2022-07-31T21:32:49","modified_gmt":"2022-07-31T19:32:49","slug":"kariera","status":"publish","type":"page","link":"https:\/\/www.prokes-rubber.cz\/sk\/kariera\/","title":{"rendered":"Kari\u00e9ra"},"content":{"rendered":"\n<p><strong>N\u00e1pl\u0148 pr\u00e1ce, pr\u00e1vomoci a zodpovednosti<\/strong><\/p>\n\n\n\n<ul><li>po individu\u00e1lnom intenz\u00edvnom z\u00e1cviku samostatn\u00e1 obsluha v\u00fdrobn\u00e9ho zariadenia, ako napr.<br>vyberanie v\u00fdrobkov z foriem<\/li><li>vizu\u00e1lna kontrola a jednoduch\u00e9 manu\u00e1lne opracovanie vylisovan\u00fdch v\u00fdrobkov<\/li><li>pr\u00e1ca na 3 zmeny (rann\u00e1, poobedn\u00e1, no\u010dn\u00e1)<\/li><\/ul>\n\n\n\n<p><strong>Zamestnaneck\u00e9 v\u00fdhody, benefity<\/strong><\/p>\n\n\n\n<ul><li>pr\u00e1ca v stabilnej spolo\u010dnosti s mo\u017enos\u0165ou kari\u00e9rneho rastu<\/li><li>doch\u00e1dzkovo-vernostn\u00fd bonus (250-400\u20ac pod\u013ea po\u010dtu odpracovan\u00fdch rokov, vypl\u00e1can\u00fd 1x<br>ro\u010dne pri splnen\u00ed stanoven\u00fdch podmienok)<\/li><li>pracovn\u00e9 oble\u010denie &#8211; starostlivos\u0165 o oble\u010denie (pranie, \u017eehlenie) zais\u0165uje extern\u00e1 firma<\/li><li>stravovanie v podnikovej jed\u00e1lni<\/li><li>ovocie k obedu<\/li><li>pitn\u00fd re\u017eim<\/li><li>mo\u017enos\u0165 \u010fal\u0161ieho vzdel\u00e1vania<\/li><li>mo\u017enos\u0165 pracova\u0165 s modern\u00fdmi technol\u00f3giami<\/li><\/ul>\n\n\n\n<p><strong>Inform\u00e1cie o v\u00fdberovom konan\u00ed<\/strong><br>\u010eakujeme za z\u00e1ujem pracova\u0165 pre na\u0161u spolo\u010dnos\u0165. V pr\u00edpade z\u00e1ujmu V\u00e1s pros\u00edme o zaslanie<br>\u017eivotopisu na ni\u017e\u0161ie uveden\u00fa e-mailov\u00fa adresu.<\/p>\n","protected":false},"excerpt":{"rendered":"<p>N\u00e1pl\u0148 pr\u00e1ce, pr\u00e1vomoci a zodpovednosti po individu\u00e1lnom intenz\u00edvnom z\u00e1cviku samostatn\u00e1 obsluha v\u00fdrobn\u00e9ho zariadenia, ako napr.vyberanie v\u00fdrobkov z foriem vizu\u00e1lna kontrola a jednoduch\u00e9 manu\u00e1lne opracovanie vylisovan\u00fdch v\u00fdrobkov pr\u00e1ca na 3 zmeny (rann\u00e1, poobedn\u00e1, no\u010dn\u00e1) Zamestnaneck\u00e9 v\u00fdhody, benefity pr\u00e1ca v stabilnej spolo\u010dnosti s mo\u017enos\u0165ou kari\u00e9rneho rastu doch\u00e1dzkovo-vernostn\u00fd bonus (250-400\u20ac pod\u013ea po\u010dtu odpracovan\u00fdch rokov, vypl\u00e1can\u00fd 1xro\u010dne pri splnen\u00ed&hellip;<\/p>\n","protected":false},"author":1,"featured_media":0,"parent":0,"menu_order":0,"comment_status":"closed","ping_status":"closed","template":"page-carier.php","meta":[],"acf":[],"_links":{"self":[{"href":"https:\/\/www.prokes-rubber.cz\/sk\/wp-json\/wp\/v2\/pages\/185"}],"collection":[{"href":"https:\/\/www.prokes-rubber.cz\/sk\/wp-json\/wp\/v2\/pages"}],"about":[{"href":"https:\/\/www.prokes-rubber.cz\/sk\/wp-json\/wp\/v2\/types\/page"}],"author":[{"embeddable":true,"href":"https:\/\/www.prokes-rubber.cz\/sk\/wp-json\/wp\/v2\/users\/1"}],"replies":[{"embeddable":true,"href":"https:\/\/www.prokes-rubber.cz\/sk\/wp-json\/wp\/v2\/comments?post=185"}],"version-history":[{"count":10,"href":"https:\/\/www.prokes-rubber.cz\/sk\/wp-json\/wp\/v2\/pages\/185\/revisions"}],"predecessor-version":[{"id":215,"href":"https:\/\/www.prokes-rubber.cz\/sk\/wp-json\/wp\/v2\/pages\/185\/revisions\/215"}],"wp:attachment":[{"href":"https:\/\/www.prokes-rubber.cz\/sk\/wp-json\/wp\/v2\/media?parent=185"}],"curies":[{"name":"wp","href":"https:\/\/api.w.org\/{rel}","templated":true}]}}