{"id":171,"date":"2020-11-26T19:50:55","date_gmt":"2020-11-26T18:50:55","guid":{"rendered":"https:\/\/www.prokes-rubber.cz\/?page_id=171"},"modified":"2020-11-26T19:50:55","modified_gmt":"2020-11-26T18:50:55","slug":"uvodni-stranka","status":"publish","type":"page","link":"https:\/\/www.prokes-rubber.cz\/sk\/","title":{"rendered":"\u00davodn\u00ed str\u00e1nka"},"content":{"rendered":"","protected":false},"excerpt":{"rendered":"","protected":false},"author":1,"featured_media":0,"parent":0,"menu_order":0,"comment_status":"closed","ping_status":"closed","template":"page-index.php","meta":[],"acf":[],"_links":{"self":[{"href":"https:\/\/www.prokes-rubber.cz\/sk\/wp-json\/wp\/v2\/pages\/171"}],"collection":[{"href":"https:\/\/www.prokes-rubber.cz\/sk\/wp-json\/wp\/v2\/pages"}],"about":[{"href":"https:\/\/www.prokes-rubber.cz\/sk\/wp-json\/wp\/v2\/types\/page"}],"author":[{"embeddable":true,"href":"https:\/\/www.prokes-rubber.cz\/sk\/wp-json\/wp\/v2\/users\/1"}],"replies":[{"embeddable":true,"href":"https:\/\/www.prokes-rubber.cz\/sk\/wp-json\/wp\/v2\/comments?post=171"}],"version-history":[{"count":1,"href":"https:\/\/www.prokes-rubber.cz\/sk\/wp-json\/wp\/v2\/pages\/171\/revisions"}],"predecessor-version":[{"id":172,"href":"https:\/\/www.prokes-rubber.cz\/sk\/wp-json\/wp\/v2\/pages\/171\/revisions\/172"}],"wp:attachment":[{"href":"https:\/\/www.prokes-rubber.cz\/sk\/wp-json\/wp\/v2\/media?parent=171"}],"curies":[{"name":"wp","href":"https:\/\/api.w.org\/{rel}","templated":true}]}}